{"id":17,"date":"2025-08-01T07:11:23","date_gmt":"2025-08-01T07:11:23","guid":{"rendered":"https:\/\/mudanzasdelacruz.rkinformatika.online\/?page_id=17"},"modified":"2025-08-04T08:27:29","modified_gmt":"2025-08-04T08:27:29","slug":"inicio","status":"publish","type":"page","link":"https:\/\/mudanzasdelacruz.es\/en\/","title":{"rendered":"Home"},"content":{"rendered":"<div data-elementor-type=\"wp-page\" data-elementor-id=\"17\" class=\"elementor elementor-17\" data-elementor-post-type=\"page\">\n\t\t\t\t<div class=\"elementor-element elementor-element-f162014 e-con-full e-flex e-con e-parent\" data-id=\"f162014\" data-element_type=\"container\" data-e-type=\"container\" data-settings=\"{&quot;background_background&quot;:&quot;classic&quot;}\">\n\t\t<div class=\"elementor-element elementor-element-d1d3b67 e-con-full e-flex e-con e-child\" data-id=\"d1d3b67\" data-element_type=\"container\" data-e-type=\"container\">\n\t\t\t\t<div class=\"elementor-element elementor-element-2e1b641 elementor-invisible elementor-widget elementor-widget-heading\" data-id=\"2e1b641\" data-element_type=\"widget\" data-e-type=\"widget\" data-settings=\"{&quot;_animation&quot;:&quot;fadeInLeft&quot;}\" data-widget_type=\"heading.default\">\n\t\t\t\t\t<h2 class=\"elementor-heading-title elementor-size-default\">More than 50 years carrying out moves in Madrid.<\/h2>\t\t\t\t<\/div>\n\t\t\t\t<\/div>\n\t\t\t\t<\/div>\n\t\t<div class=\"elementor-element elementor-element-dcccd2c e-flex e-con-boxed e-con e-parent\" data-id=\"dcccd2c\" data-element_type=\"container\" data-e-type=\"container\">\n\t\t\t\t\t<div class=\"e-con-inner\">\n\t\t<div class=\"elementor-element elementor-element-7c27004 e-con-full e-flex e-con e-child\" data-id=\"7c27004\" data-element_type=\"container\" data-e-type=\"container\">\n\t\t\t\t<div class=\"elementor-element elementor-element-fb9fbeb elementor-widget elementor-widget-image\" data-id=\"fb9fbeb\" data-element_type=\"widget\" data-e-type=\"widget\" data-widget_type=\"image.default\">\n\t\t\t\t\t\t\t\t\t\t\t\t\t\t\t<img fetchpriority=\"high\" decoding=\"async\" width=\"800\" height=\"460\" src=\"https:\/\/mudanzasdelacruz.es\/wp-content\/uploads\/2025\/08\/mudanzas-en-madrid-5.jpg\" class=\"attachment-large size-large wp-image-109\" alt=\"\" srcset=\"https:\/\/mudanzasdelacruz.es\/wp-content\/uploads\/2025\/08\/mudanzas-en-madrid-5.jpg 960w, https:\/\/mudanzasdelacruz.es\/wp-content\/uploads\/2025\/08\/mudanzas-en-madrid-5-300x173.jpg 300w, https:\/\/mudanzasdelacruz.es\/wp-content\/uploads\/2025\/08\/mudanzas-en-madrid-5-768x442.jpg 768w, https:\/\/mudanzasdelacruz.es\/wp-content\/uploads\/2025\/08\/mudanzas-en-madrid-5-18x10.jpg 18w\" sizes=\"(max-width: 800px) 100vw, 800px\" \/>\t\t\t\t\t\t\t\t\t\t\t\t\t\t\t<\/div>\n\t\t\t\t<\/div>\n\t\t<div class=\"elementor-element elementor-element-84ba8e0 e-con-full e-flex e-con e-child\" data-id=\"84ba8e0\" data-element_type=\"container\" data-e-type=\"container\">\n\t\t\t\t<div class=\"elementor-element elementor-element-d65ad15 elementor-widget elementor-widget-heading\" data-id=\"d65ad15\" data-element_type=\"widget\" data-e-type=\"widget\" data-widget_type=\"heading.default\">\n\t\t\t\t\t<h2 class=\"elementor-heading-title elementor-size-default\">About us<\/h2>\t\t\t\t<\/div>\n\t\t\t\t<div class=\"elementor-element elementor-element-c6e3052 elementor-widget elementor-widget-text-editor\" data-id=\"c6e3052\" data-element_type=\"widget\" data-e-type=\"widget\" data-widget_type=\"text-editor.default\">\n\t\t\t\t\t\t\t\t\t<p>In 1970, from the commitment of a family, a company was born, with seriousness and responsibility, has become one of the main benchmarks in the industry.<\/p><p>Our experience has been built through countless services provided to a vast variety of clients, which have allowed us to reach the highest levels of service in the categories of Moving, Storage, and Special Transport at both national and international levels.<\/p><p>2,500 m\u00b2 of facilities, the most complete fleet of vehicles, and specialized professionals enrich our portfolio with something that practically no other company in the market can offer: high quality in any of our services, whether it\u2019s moving in Madrid, national or international relocations, or storage units and warehouses.<\/p>\t\t\t\t\t\t\t\t<\/div>\n\t\t\t\t<\/div>\n\t\t\t\t\t<\/div>\n\t\t\t\t<\/div>\n\t\t<div class=\"elementor-element elementor-element-5f0becc e-flex e-con-boxed e-con e-parent\" data-id=\"5f0becc\" data-element_type=\"container\" data-e-type=\"container\" data-settings=\"{&quot;background_background&quot;:&quot;classic&quot;}\">\n\t\t\t\t\t<div class=\"e-con-inner\">\n\t\t\t\t<div class=\"elementor-element elementor-element-91293a3 elementor-widget elementor-widget-heading\" data-id=\"91293a3\" data-element_type=\"widget\" data-e-type=\"widget\" data-widget_type=\"heading.default\">\n\t\t\t\t\t<h2 class=\"elementor-heading-title elementor-size-default\">Moving Service in Madrid<\/h2>\t\t\t\t<\/div>\n\t\t\t\t\t<\/div>\n\t\t\t\t<\/div>\n\t\t<div class=\"elementor-element elementor-element-d284ff5 e-flex e-con-boxed e-con e-parent\" data-id=\"d284ff5\" data-element_type=\"container\" data-e-type=\"container\">\n\t\t\t\t\t<div class=\"e-con-inner\">\n\t\t\t\t<div class=\"elementor-element elementor-element-babd181 elementor-widget elementor-widget-text-editor\" data-id=\"babd181\" data-element_type=\"widget\" data-e-type=\"widget\" data-widget_type=\"text-editor.default\">\n\t\t\t\t\t\t\t\t\t<p>We offer you a comprehensive and personalized moving service. We have our own experienced team, furniture lift platforms, and a large fleet of vehicles to handle any job.<\/p>\t\t\t\t\t\t\t\t<\/div>\n\t\t\t\t\t<\/div>\n\t\t\t\t<\/div>\n\t\t<div class=\"elementor-element elementor-element-ca58b9f e-flex e-con-boxed e-con e-parent\" data-id=\"ca58b9f\" data-element_type=\"container\" data-e-type=\"container\">\n\t\t\t\t\t<div class=\"e-con-inner\">\n\t\t<a class=\"eael-wrapper-link-5027253 --eael-wrapper-link-tag\" href=\"https:\/\/mudanzasdelacruz.es\/en\/servicios\/\"><\/a><div data-eael-wrapper-link=\"eael-wrapper-link-5027253\" class=\"elementor-element elementor-element-5027253 e-con-full e-flex e-con e-child\" data-id=\"5027253\" data-element_type=\"container\" data-e-type=\"container\">\n\t\t\t\t<div class=\"elementor-element elementor-element-431151f elementor-widget elementor-widget-image\" data-id=\"431151f\" data-element_type=\"widget\" data-e-type=\"widget\" data-widget_type=\"image.default\">\n\t\t\t\t\t\t\t\t\t\t\t\t\t\t\t<img decoding=\"async\" width=\"450\" height=\"427\" src=\"https:\/\/mudanzasdelacruz.es\/wp-content\/uploads\/2025\/08\/mudanzas-hogar-1.jpg\" class=\"attachment-large size-large wp-image-135\" alt=\"\" srcset=\"https:\/\/mudanzasdelacruz.es\/wp-content\/uploads\/2025\/08\/mudanzas-hogar-1.jpg 450w, https:\/\/mudanzasdelacruz.es\/wp-content\/uploads\/2025\/08\/mudanzas-hogar-1-300x285.jpg 300w, https:\/\/mudanzasdelacruz.es\/wp-content\/uploads\/2025\/08\/mudanzas-hogar-1-13x12.jpg 13w\" sizes=\"(max-width: 450px) 100vw, 450px\" \/>\t\t\t\t\t\t\t\t\t\t\t\t\t\t\t<\/div>\n\t\t\t\t<div class=\"elementor-element elementor-element-a74862d elementor-widget elementor-widget-heading\" data-id=\"a74862d\" data-element_type=\"widget\" data-e-type=\"widget\" data-widget_type=\"heading.default\">\n\t\t\t\t\t<h2 class=\"elementor-heading-title elementor-size-default\">Hogar<\/h2>\t\t\t\t<\/div>\n\t\t\t\t<\/div>\n\t\t<a class=\"eael-wrapper-link-8e794c2 --eael-wrapper-link-tag\" href=\"https:\/\/mudanzasdelacruz.es\/en\/servicios\/\"><\/a><div data-eael-wrapper-link=\"eael-wrapper-link-8e794c2\" class=\"elementor-element elementor-element-8e794c2 e-con-full e-flex e-con e-child\" data-id=\"8e794c2\" data-element_type=\"container\" data-e-type=\"container\">\n\t\t\t\t<div class=\"elementor-element elementor-element-8a5d3a4 elementor-widget elementor-widget-image\" data-id=\"8a5d3a4\" data-element_type=\"widget\" data-e-type=\"widget\" data-widget_type=\"image.default\">\n\t\t\t\t\t\t\t\t\t\t\t\t\t\t\t<img decoding=\"async\" width=\"450\" height=\"427\" src=\"https:\/\/mudanzasdelacruz.es\/wp-content\/uploads\/2025\/08\/mudanzas-empresas-2.jpg\" class=\"attachment-large size-large wp-image-136\" alt=\"\" srcset=\"https:\/\/mudanzasdelacruz.es\/wp-content\/uploads\/2025\/08\/mudanzas-empresas-2.jpg 450w, https:\/\/mudanzasdelacruz.es\/wp-content\/uploads\/2025\/08\/mudanzas-empresas-2-300x285.jpg 300w, https:\/\/mudanzasdelacruz.es\/wp-content\/uploads\/2025\/08\/mudanzas-empresas-2-13x12.jpg 13w\" sizes=\"(max-width: 450px) 100vw, 450px\" \/>\t\t\t\t\t\t\t\t\t\t\t\t\t\t\t<\/div>\n\t\t\t\t<div class=\"elementor-element elementor-element-4d79fbf elementor-widget elementor-widget-heading\" data-id=\"4d79fbf\" data-element_type=\"widget\" data-e-type=\"widget\" data-widget_type=\"heading.default\">\n\t\t\t\t\t<h2 class=\"elementor-heading-title elementor-size-default\">Empresas<\/h2>\t\t\t\t<\/div>\n\t\t\t\t<\/div>\n\t\t<a class=\"eael-wrapper-link-4cb1872 --eael-wrapper-link-tag\" href=\"https:\/\/mudanzasdelacruz.es\/en\/servicios\/\"><\/a><div data-eael-wrapper-link=\"eael-wrapper-link-4cb1872\" class=\"elementor-element elementor-element-4cb1872 e-con-full e-flex e-con e-child\" data-id=\"4cb1872\" data-element_type=\"container\" data-e-type=\"container\">\n\t\t\t\t<div class=\"elementor-element elementor-element-6d7ba87 elementor-widget elementor-widget-image\" data-id=\"6d7ba87\" data-element_type=\"widget\" data-e-type=\"widget\" data-widget_type=\"image.default\">\n\t\t\t\t\t\t\t\t\t\t\t\t\t\t\t<img loading=\"lazy\" decoding=\"async\" width=\"450\" height=\"427\" src=\"https:\/\/mudanzasdelacruz.es\/wp-content\/uploads\/2025\/08\/mudanzas-internacionales-2.jpg\" class=\"attachment-large size-large wp-image-137\" alt=\"\" srcset=\"https:\/\/mudanzasdelacruz.es\/wp-content\/uploads\/2025\/08\/mudanzas-internacionales-2.jpg 450w, https:\/\/mudanzasdelacruz.es\/wp-content\/uploads\/2025\/08\/mudanzas-internacionales-2-300x285.jpg 300w, https:\/\/mudanzasdelacruz.es\/wp-content\/uploads\/2025\/08\/mudanzas-internacionales-2-13x12.jpg 13w\" sizes=\"(max-width: 450px) 100vw, 450px\" \/>\t\t\t\t\t\t\t\t\t\t\t\t\t\t\t<\/div>\n\t\t\t\t<div class=\"elementor-element elementor-element-af3ef2f elementor-widget elementor-widget-heading\" data-id=\"af3ef2f\" data-element_type=\"widget\" data-e-type=\"widget\" data-widget_type=\"heading.default\">\n\t\t\t\t\t<h2 class=\"elementor-heading-title elementor-size-default\">Internacional<\/h2>\t\t\t\t<\/div>\n\t\t\t\t<\/div>\n\t\t<a class=\"eael-wrapper-link-a07ad8c --eael-wrapper-link-tag\" href=\"https:\/\/mudanzasdelacruz.es\/en\/servicios\/\"><\/a><div data-eael-wrapper-link=\"eael-wrapper-link-a07ad8c\" class=\"elementor-element elementor-element-a07ad8c e-con-full e-flex e-con e-child\" data-id=\"a07ad8c\" data-element_type=\"container\" data-e-type=\"container\">\n\t\t\t\t<div class=\"elementor-element elementor-element-afc9bc4 elementor-widget elementor-widget-image\" data-id=\"afc9bc4\" data-element_type=\"widget\" data-e-type=\"widget\" data-widget_type=\"image.default\">\n\t\t\t\t\t\t\t\t\t\t\t\t\t\t\t<img loading=\"lazy\" decoding=\"async\" width=\"450\" height=\"427\" src=\"https:\/\/mudanzasdelacruz.es\/wp-content\/uploads\/2025\/08\/guardamuebles.jpg\" class=\"attachment-large size-large wp-image-138\" alt=\"\" srcset=\"https:\/\/mudanzasdelacruz.es\/wp-content\/uploads\/2025\/08\/guardamuebles.jpg 450w, https:\/\/mudanzasdelacruz.es\/wp-content\/uploads\/2025\/08\/guardamuebles-300x285.jpg 300w, https:\/\/mudanzasdelacruz.es\/wp-content\/uploads\/2025\/08\/guardamuebles-13x12.jpg 13w\" sizes=\"(max-width: 450px) 100vw, 450px\" \/>\t\t\t\t\t\t\t\t\t\t\t\t\t\t\t<\/div>\n\t\t\t\t<div class=\"elementor-element elementor-element-1c119b1 elementor-widget elementor-widget-heading\" data-id=\"1c119b1\" data-element_type=\"widget\" data-e-type=\"widget\" data-widget_type=\"heading.default\">\n\t\t\t\t\t<h2 class=\"elementor-heading-title elementor-size-default\">Guardamuebles<\/h2>\t\t\t\t<\/div>\n\t\t\t\t<\/div>\n\t\t<a class=\"eael-wrapper-link-d1e32a7 --eael-wrapper-link-tag\" href=\"https:\/\/mudanzasdelacruz.es\/en\/servicios\/\"><\/a><div data-eael-wrapper-link=\"eael-wrapper-link-d1e32a7\" class=\"elementor-element elementor-element-d1e32a7 e-con-full e-flex e-con e-child\" data-id=\"d1e32a7\" data-element_type=\"container\" data-e-type=\"container\">\n\t\t\t\t<div class=\"elementor-element elementor-element-fe9b357 elementor-widget elementor-widget-image\" data-id=\"fe9b357\" data-element_type=\"widget\" data-e-type=\"widget\" data-widget_type=\"image.default\">\n\t\t\t\t\t\t\t\t\t\t\t\t\t\t\t<img loading=\"lazy\" decoding=\"async\" width=\"450\" height=\"427\" src=\"https:\/\/mudanzasdelacruz.es\/wp-content\/uploads\/2025\/08\/grupajes-3.jpg\" class=\"attachment-large size-large wp-image-139\" alt=\"\" srcset=\"https:\/\/mudanzasdelacruz.es\/wp-content\/uploads\/2025\/08\/grupajes-3.jpg 450w, https:\/\/mudanzasdelacruz.es\/wp-content\/uploads\/2025\/08\/grupajes-3-300x285.jpg 300w, https:\/\/mudanzasdelacruz.es\/wp-content\/uploads\/2025\/08\/grupajes-3-13x12.jpg 13w\" sizes=\"(max-width: 450px) 100vw, 450px\" \/>\t\t\t\t\t\t\t\t\t\t\t\t\t\t\t<\/div>\n\t\t\t\t<div class=\"elementor-element elementor-element-2605f8c elementor-widget elementor-widget-heading\" data-id=\"2605f8c\" data-element_type=\"widget\" data-e-type=\"widget\" data-widget_type=\"heading.default\">\n\t\t\t\t\t<h2 class=\"elementor-heading-title elementor-size-default\">Grupajes<\/h2>\t\t\t\t<\/div>\n\t\t\t\t<\/div>\n\t\t<a class=\"eael-wrapper-link-b49e0f8 --eael-wrapper-link-tag\" href=\"https:\/\/mudanzasdelacruz.es\/en\/servicios\/\"><\/a><div data-eael-wrapper-link=\"eael-wrapper-link-b49e0f8\" class=\"elementor-element elementor-element-b49e0f8 e-con-full e-flex e-con e-child\" data-id=\"b49e0f8\" data-element_type=\"container\" data-e-type=\"container\">\n\t\t\t\t<div class=\"elementor-element elementor-element-c92f957 elementor-widget elementor-widget-image\" data-id=\"c92f957\" data-element_type=\"widget\" data-e-type=\"widget\" data-widget_type=\"image.default\">\n\t\t\t\t\t\t\t\t\t\t\t\t\t\t\t<img loading=\"lazy\" decoding=\"async\" width=\"450\" height=\"427\" src=\"https:\/\/mudanzasdelacruz.es\/wp-content\/uploads\/2025\/08\/especiales.jpg\" class=\"attachment-large size-large wp-image-140\" alt=\"\" srcset=\"https:\/\/mudanzasdelacruz.es\/wp-content\/uploads\/2025\/08\/especiales.jpg 450w, https:\/\/mudanzasdelacruz.es\/wp-content\/uploads\/2025\/08\/especiales-300x285.jpg 300w, https:\/\/mudanzasdelacruz.es\/wp-content\/uploads\/2025\/08\/especiales-13x12.jpg 13w\" sizes=\"(max-width: 450px) 100vw, 450px\" \/>\t\t\t\t\t\t\t\t\t\t\t\t\t\t\t<\/div>\n\t\t\t\t<div class=\"elementor-element elementor-element-9534d2c elementor-widget elementor-widget-heading\" data-id=\"9534d2c\" data-element_type=\"widget\" data-e-type=\"widget\" data-widget_type=\"heading.default\">\n\t\t\t\t\t<h2 class=\"elementor-heading-title elementor-size-default\">Especiales<\/h2>\t\t\t\t<\/div>\n\t\t\t\t<\/div>\n\t\t\t\t\t<\/div>\n\t\t\t\t<\/div>\n\t\t<div class=\"elementor-element elementor-element-8532cb6 e-con-full e-flex e-con e-parent\" data-id=\"8532cb6\" data-element_type=\"container\" data-e-type=\"container\">\n\t\t\t\t<div class=\"elementor-element elementor-element-5a1f25c elementor-cta--skin-cover elementor-animated-content elementor-bg-transform elementor-bg-transform-zoom-in elementor-widget elementor-widget-call-to-action\" data-id=\"5a1f25c\" data-element_type=\"widget\" data-e-type=\"widget\" data-widget_type=\"call-to-action.default\">\n\t\t\t\t\t\t\t<div class=\"elementor-cta\">\n\t\t\t\t\t<div class=\"elementor-cta__bg-wrapper\">\n\t\t\t\t<div class=\"elementor-cta__bg elementor-bg\" style=\"background-image: url(https:\/\/mudanzasdelacruz.es\/wp-content\/uploads\/2025\/08\/fondo-mudanzas-en-madrid.jpg);\" role=\"img\" aria-label=\"fondo-mudanzas-en-madrid\"><\/div>\n\t\t\t\t<div class=\"elementor-cta__bg-overlay\"><\/div>\n\t\t\t<\/div>\n\t\t\t\t\t\t\t<div class=\"elementor-cta__content\">\n\t\t\t\t\n\t\t\t\t\t\t\t\t\t<h2 class=\"elementor-cta__title elementor-cta__content-item elementor-content-item elementor-animated-item--grow\">\n\t\t\t\t\t\tTechnical Service with Official Warranty\t\t\t\t\t<\/h2>\n\t\t\t\t\n\t\t\t\t\t\t\t\t\t<div class=\"elementor-cta__description elementor-cta__content-item elementor-content-item elementor-animated-item--grow\">\n\t\t\t\t\t\tProblems with your water heater or electric boiler? Discover how we can help you.\t\t\t\t\t<\/div>\n\t\t\t\t\n\t\t\t\t\t\t\t\t\t<div class=\"elementor-cta__button-wrapper elementor-cta__content-item elementor-content-item elementor-animated-item--grow\">\n\t\t\t\t\t<a class=\"elementor-cta__button elementor-button elementor-size-\" href=\"https:\/\/mudanzasdelacruz.es\/en\/servicios\/\">\n\t\t\t\t\t\tServices\t\t\t\t\t<\/a>\n\t\t\t\t\t<\/div>\n\t\t\t\t\t\t\t<\/div>\n\t\t\t\t\t\t<\/div>\n\t\t\t\t\t\t<\/div>\n\t\t\t\t<\/div>\n\t\t\t\t<\/div>","protected":false},"excerpt":{"rendered":"<p>M\u00e1s de 50 a\u00f1os realizando Mudanzas en Madrid Sobre nosotros En 1970, del compromiso de una familia naci\u00f3 una empresa, que con seriedad y responsabilidad se ha convertido en uno de los principales referentes del sector. Nuestra experiencia se ha construido con los innumerables servicios prestados a una inmensa variedad de clientes, los cuales nos [&hellip;]<\/p>\n","protected":false},"author":1,"featured_media":0,"parent":0,"menu_order":0,"comment_status":"closed","ping_status":"closed","template":"elementor_canvas","meta":{"footnotes":""},"class_list":["post-17","page","type-page","status-publish","hentry"],"yoast_head":"<!-- This site is optimized with the Yoast SEO plugin v27.5 - https:\/\/yoast.com\/product\/yoast-seo-wordpress\/ -->\n<title>Inicio - Mudanzas de La Cruz<\/title>\n<meta name=\"robots\" content=\"index, follow, max-snippet:-1, max-image-preview:large, max-video-preview:-1\" \/>\n<link rel=\"canonical\" href=\"https:\/\/mudanzasdelacruz.es\/en\/\" \/>\n<meta property=\"og:locale\" content=\"en_GB\" \/>\n<meta property=\"og:type\" content=\"article\" \/>\n<meta property=\"og:title\" content=\"Inicio - Mudanzas de La Cruz\" \/>\n<meta property=\"og:description\" content=\"M\u00e1s de 50 a\u00f1os realizando Mudanzas en Madrid Sobre nosotros En 1970, del compromiso de una familia naci\u00f3 una empresa, que con seriedad y responsabilidad se ha convertido en uno de los principales referentes del sector. Nuestra experiencia se ha construido con los innumerables servicios prestados a una inmensa variedad de clientes, los cuales nos [&hellip;]\" \/>\n<meta property=\"og:url\" content=\"https:\/\/mudanzasdelacruz.es\/en\/\" \/>\n<meta property=\"og:site_name\" content=\"Mudanzas de La Cruz\" \/>\n<meta property=\"article:modified_time\" content=\"2025-08-04T08:27:29+00:00\" \/>\n<meta property=\"og:image\" content=\"https:\/\/mudanzasdelacruz.es\/wp-content\/uploads\/2025\/08\/mudanzas-en-madrid-5.jpg\" \/>\n<meta name=\"twitter:card\" content=\"summary_large_image\" \/>\n<meta name=\"twitter:label1\" content=\"Estimated reading time\" \/>\n\t<meta name=\"twitter:data1\" content=\"1 minute\" \/>\n<script type=\"application\/ld+json\" class=\"yoast-schema-graph\">{\"@context\":\"https:\\\/\\\/schema.org\",\"@graph\":[{\"@type\":\"WebPage\",\"@id\":\"https:\\\/\\\/mudanzasdelacruz.es\\\/\",\"url\":\"https:\\\/\\\/mudanzasdelacruz.es\\\/\",\"name\":\"Inicio - Mudanzas de La Cruz\",\"isPartOf\":{\"@id\":\"https:\\\/\\\/mudanzasdelacruz.es\\\/#website\"},\"primaryImageOfPage\":{\"@id\":\"https:\\\/\\\/mudanzasdelacruz.es\\\/#primaryimage\"},\"image\":{\"@id\":\"https:\\\/\\\/mudanzasdelacruz.es\\\/#primaryimage\"},\"thumbnailUrl\":\"https:\\\/\\\/mudanzasdelacruz.es\\\/wp-content\\\/uploads\\\/2025\\\/08\\\/mudanzas-en-madrid-5.jpg\",\"datePublished\":\"2025-08-01T07:11:23+00:00\",\"dateModified\":\"2025-08-04T08:27:29+00:00\",\"breadcrumb\":{\"@id\":\"https:\\\/\\\/mudanzasdelacruz.es\\\/#breadcrumb\"},\"inLanguage\":\"en-GB\",\"potentialAction\":[{\"@type\":\"ReadAction\",\"target\":[\"https:\\\/\\\/mudanzasdelacruz.es\\\/\"]}]},{\"@type\":\"ImageObject\",\"inLanguage\":\"en-GB\",\"@id\":\"https:\\\/\\\/mudanzasdelacruz.es\\\/#primaryimage\",\"url\":\"https:\\\/\\\/mudanzasdelacruz.es\\\/wp-content\\\/uploads\\\/2025\\\/08\\\/mudanzas-en-madrid-5.jpg\",\"contentUrl\":\"https:\\\/\\\/mudanzasdelacruz.es\\\/wp-content\\\/uploads\\\/2025\\\/08\\\/mudanzas-en-madrid-5.jpg\"},{\"@type\":\"BreadcrumbList\",\"@id\":\"https:\\\/\\\/mudanzasdelacruz.es\\\/#breadcrumb\",\"itemListElement\":[{\"@type\":\"ListItem\",\"position\":1,\"name\":\"Portada\",\"item\":\"https:\\\/\\\/mudanzasdelacruz.es\\\/\"},{\"@type\":\"ListItem\",\"position\":2,\"name\":\"Inicio\"}]},{\"@type\":\"WebSite\",\"@id\":\"https:\\\/\\\/mudanzasdelacruz.es\\\/#website\",\"url\":\"https:\\\/\\\/mudanzasdelacruz.es\\\/\",\"name\":\"Mudanzas de La Cruz\",\"description\":\"Servicio de Mudanzas en Madrid\",\"publisher\":{\"@id\":\"https:\\\/\\\/mudanzasdelacruz.es\\\/#organization\"},\"potentialAction\":[{\"@type\":\"SearchAction\",\"target\":{\"@type\":\"EntryPoint\",\"urlTemplate\":\"https:\\\/\\\/mudanzasdelacruz.es\\\/?s={search_term_string}\"},\"query-input\":{\"@type\":\"PropertyValueSpecification\",\"valueRequired\":true,\"valueName\":\"search_term_string\"}}],\"inLanguage\":\"en-GB\"},{\"@type\":\"Organization\",\"@id\":\"https:\\\/\\\/mudanzasdelacruz.es\\\/#organization\",\"name\":\"Mudanzas de La Cruz\",\"url\":\"https:\\\/\\\/mudanzasdelacruz.es\\\/\",\"logo\":{\"@type\":\"ImageObject\",\"inLanguage\":\"en-GB\",\"@id\":\"https:\\\/\\\/mudanzasdelacruz.es\\\/#\\\/schema\\\/logo\\\/image\\\/\",\"url\":\"https:\\\/\\\/mudanzasdelacruz.es\\\/wp-content\\\/uploads\\\/2025\\\/08\\\/cropped-Sin-titulo-1300-x-1000-px.png\",\"contentUrl\":\"https:\\\/\\\/mudanzasdelacruz.es\\\/wp-content\\\/uploads\\\/2025\\\/08\\\/cropped-Sin-titulo-1300-x-1000-px.png\",\"width\":795,\"height\":235,\"caption\":\"Mudanzas de La Cruz\"},\"image\":{\"@id\":\"https:\\\/\\\/mudanzasdelacruz.es\\\/#\\\/schema\\\/logo\\\/image\\\/\"}}]}<\/script>\n<!-- \/ Yoast SEO plugin. -->","yoast_head_json":{"title":"Inicio - Mudanzas de La Cruz","robots":{"index":"index","follow":"follow","max-snippet":"max-snippet:-1","max-image-preview":"max-image-preview:large","max-video-preview":"max-video-preview:-1"},"canonical":"https:\/\/mudanzasdelacruz.es\/en\/","og_locale":"en_GB","og_type":"article","og_title":"Inicio - Mudanzas de La Cruz","og_description":"M\u00e1s de 50 a\u00f1os realizando Mudanzas en Madrid Sobre nosotros En 1970, del compromiso de una familia naci\u00f3 una empresa, que con seriedad y responsabilidad se ha convertido en uno de los principales referentes del sector. Nuestra experiencia se ha construido con los innumerables servicios prestados a una inmensa variedad de clientes, los cuales nos [&hellip;]","og_url":"https:\/\/mudanzasdelacruz.es\/en\/","og_site_name":"Mudanzas de La Cruz","article_modified_time":"2025-08-04T08:27:29+00:00","og_image":[{"url":"https:\/\/mudanzasdelacruz.es\/wp-content\/uploads\/2025\/08\/mudanzas-en-madrid-5.jpg","type":"","width":"","height":""}],"twitter_card":"summary_large_image","twitter_misc":{"Estimated reading time":"1 minute"},"schema":{"@context":"https:\/\/schema.org","@graph":[{"@type":"WebPage","@id":"https:\/\/mudanzasdelacruz.es\/","url":"https:\/\/mudanzasdelacruz.es\/","name":"Inicio - Mudanzas de La Cruz","isPartOf":{"@id":"https:\/\/mudanzasdelacruz.es\/#website"},"primaryImageOfPage":{"@id":"https:\/\/mudanzasdelacruz.es\/#primaryimage"},"image":{"@id":"https:\/\/mudanzasdelacruz.es\/#primaryimage"},"thumbnailUrl":"https:\/\/mudanzasdelacruz.es\/wp-content\/uploads\/2025\/08\/mudanzas-en-madrid-5.jpg","datePublished":"2025-08-01T07:11:23+00:00","dateModified":"2025-08-04T08:27:29+00:00","breadcrumb":{"@id":"https:\/\/mudanzasdelacruz.es\/#breadcrumb"},"inLanguage":"en-GB","potentialAction":[{"@type":"ReadAction","target":["https:\/\/mudanzasdelacruz.es\/"]}]},{"@type":"ImageObject","inLanguage":"en-GB","@id":"https:\/\/mudanzasdelacruz.es\/#primaryimage","url":"https:\/\/mudanzasdelacruz.es\/wp-content\/uploads\/2025\/08\/mudanzas-en-madrid-5.jpg","contentUrl":"https:\/\/mudanzasdelacruz.es\/wp-content\/uploads\/2025\/08\/mudanzas-en-madrid-5.jpg"},{"@type":"BreadcrumbList","@id":"https:\/\/mudanzasdelacruz.es\/#breadcrumb","itemListElement":[{"@type":"ListItem","position":1,"name":"Portada","item":"https:\/\/mudanzasdelacruz.es\/"},{"@type":"ListItem","position":2,"name":"Inicio"}]},{"@type":"WebSite","@id":"https:\/\/mudanzasdelacruz.es\/#website","url":"https:\/\/mudanzasdelacruz.es\/","name":"Mudanzas de La Cruz","description":"Moving Service in Madrid","publisher":{"@id":"https:\/\/mudanzasdelacruz.es\/#organization"},"potentialAction":[{"@type":"SearchAction","target":{"@type":"EntryPoint","urlTemplate":"https:\/\/mudanzasdelacruz.es\/?s={search_term_string}"},"query-input":{"@type":"PropertyValueSpecification","valueRequired":true,"valueName":"search_term_string"}}],"inLanguage":"en-GB"},{"@type":"Organization","@id":"https:\/\/mudanzasdelacruz.es\/#organization","name":"Mudanzas de La Cruz","url":"https:\/\/mudanzasdelacruz.es\/","logo":{"@type":"ImageObject","inLanguage":"en-GB","@id":"https:\/\/mudanzasdelacruz.es\/#\/schema\/logo\/image\/","url":"https:\/\/mudanzasdelacruz.es\/wp-content\/uploads\/2025\/08\/cropped-Sin-titulo-1300-x-1000-px.png","contentUrl":"https:\/\/mudanzasdelacruz.es\/wp-content\/uploads\/2025\/08\/cropped-Sin-titulo-1300-x-1000-px.png","width":795,"height":235,"caption":"Mudanzas de La Cruz"},"image":{"@id":"https:\/\/mudanzasdelacruz.es\/#\/schema\/logo\/image\/"}}]}},"_links":{"self":[{"href":"https:\/\/mudanzasdelacruz.es\/en\/wp-json\/wp\/v2\/pages\/17","targetHints":{"allow":["GET"]}}],"collection":[{"href":"https:\/\/mudanzasdelacruz.es\/en\/wp-json\/wp\/v2\/pages"}],"about":[{"href":"https:\/\/mudanzasdelacruz.es\/en\/wp-json\/wp\/v2\/types\/page"}],"author":[{"embeddable":true,"href":"https:\/\/mudanzasdelacruz.es\/en\/wp-json\/wp\/v2\/users\/1"}],"replies":[{"embeddable":true,"href":"https:\/\/mudanzasdelacruz.es\/en\/wp-json\/wp\/v2\/comments?post=17"}],"version-history":[{"count":100,"href":"https:\/\/mudanzasdelacruz.es\/en\/wp-json\/wp\/v2\/pages\/17\/revisions"}],"predecessor-version":[{"id":332,"href":"https:\/\/mudanzasdelacruz.es\/en\/wp-json\/wp\/v2\/pages\/17\/revisions\/332"}],"wp:attachment":[{"href":"https:\/\/mudanzasdelacruz.es\/en\/wp-json\/wp\/v2\/media?parent=17"}],"curies":[{"name":"wp","href":"https:\/\/api.w.org\/{rel}","templated":true}]}}